{"id":791,"date":"2023-12-14T10:32:15","date_gmt":"2023-12-14T10:32:15","guid":{"rendered":"https:\/\/arpentix.ch\/accueil\/"},"modified":"2024-10-31T13:58:59","modified_gmt":"2024-10-31T13:58:59","slug":"accueil","status":"publish","type":"page","link":"https:\/\/arpentix.ch\/fr\/","title":{"rendered":"Accueil"},"content":{"rendered":"<p>[et_pb_section fb_built=\u00a0\u00bb1&Prime; fullwidth=\u00a0\u00bbon\u00a0\u00bb custom_padding_last_edited=\u00a0\u00bbon|phone\u00a0\u00bb _builder_version=\u00a0\u00bb4.23.1&Prime; _module_preset=\u00a0\u00bbdefault\u00a0\u00bb background_image=\u00a0\u00bbhttps:\/\/arpentix.ch\/wp-content\/uploads\/2023\/12\/BG-Grid-1.jpg\u00a0\u00bb custom_padding=\u00a0\u00bb150px||150px||true|false\u00a0\u00bb custom_padding_tablet=\u00a0\u00bb80px||50px||false|false\u00a0\u00bb custom_padding_phone=\u00a0\u00bb160px||50px||false|false\u00a0\u00bb hover_enabled=\u00a0\u00bb0&Prime; global_colors_info=\u00a0\u00bb{}\u00a0\u00bb sticky_enabled=\u00a0\u00bb0&Prime;][et_pb_fullwidth_slider show_pagination=\u00a0\u00bboff\u00a0\u00bb arrows_custom_color=\u00a0\u00bb#6C8DAA\u00a0\u00bb dot_nav_custom_color=\u00a0\u00bb#6C8DAA\u00a0\u00bb show_arrows_tablet=\u00a0\u00bbon\u00a0\u00bb show_arrows_phone=\u00a0\u00bbon\u00a0\u00bb show_arrows_last_edited=\u00a0\u00bbon|phone\u00a0\u00bb _builder_version=\u00a0\u00bb4.23.1&Prime; _module_preset=\u00a0\u00bbdefault\u00a0\u00bb header_text_color=\u00a0\u00bb#000000&Prime; header_font_size=\u00a0\u00bb42px\u00a0\u00bb body_text_color=\u00a0\u00bb#000000&Prime; background_enable_image=\u00a0\u00bboff\u00a0\u00bb custom_button=\u00a0\u00bbon\u00a0\u00bb button_text_size=\u00a0\u00bb18px\u00a0\u00bb button_text_color=\u00a0\u00bb#FFFFFF\u00a0\u00bb button_bg_color=\u00a0\u00bb#6C8DAA\u00a0\u00bb button_border_color=\u00a0\u00bb#6C8DAA\u00a0\u00bb button_border_radius=\u00a0\u00bb0px\u00a0\u00bb button_use_icon=\u00a0\u00bboff\u00a0\u00bb button_custom_padding=\u00a0\u00bb18px|40px|18px|40px|true|true\u00a0\u00bb content_max_width_tablet=\u00a0\u00bb\u00a0\u00bb content_max_width_phone=\u00a0\u00bb80%\u00a0\u00bb content_max_width_last_edited=\u00a0\u00bbon|phone\u00a0\u00bb custom_padding=\u00a0\u00bb||||false|false\u00a0\u00bb custom_padding_tablet=\u00a0\u00bb300px||300px||true|false\u00a0\u00bb custom_padding_phone=\u00a0\u00bb50px||80px||false|false\u00a0\u00bb custom_padding_last_edited=\u00a0\u00bboff|desktop\u00a0\u00bb hover_enabled=\u00a0\u00bb0&Prime; global_colors_info=\u00a0\u00bb{}\u00a0\u00bb header_text_color__hover_enabled=\u00a0\u00bbon|hover\u00a0\u00bb header_text_color__hover=\u00a0\u00bb#000000&Prime; custom_css_slide_image_last_edited=\u00a0\u00bbon|phone\u00a0\u00bb custom_css_slide_image_phone=\u00a0\u00bbdisplay: block !important;\u00a0\u00bb sticky_enabled=\u00a0\u00bb0&Prime;][et_pb_slide heading=\u00a0\u00bbFormation pour d\u00e9buter en g\u00e9omatique\u00a0\u00bb button_text=\u00a0\u00bbEn savoir plus\u00a0\u00bb button_link=\u00a0\u00bb@ET-DC@eyJkeW5hbWljIjp0cnVlLCJjb250ZW50IjoicG9zdF9saW5rX3VybF9wYWdlIiwic2V0dGluZ3MiOnsicG9zdF9pZCI6IjMyNiIsImVuYWJsZV9odG1sIjoib2ZmIn19@\u00a0\u00bb image=\u00a0\u00bbhttps:\/\/arpentix.ch\/wp-content\/uploads\/2024\/01\/ausbildung_gruppeninstruktion-1500.jpg\u00a0\u00bb admin_title=\u00a0\u00bbAusbildung\u00a0\u00bb image_last_edited=\u00a0\u00bboff|phone\u00a0\u00bb _builder_version=\u00a0\u00bb4.23.1&Prime; _dynamic_attributes=\u00a0\u00bbbutton_link\u00a0\u00bb _module_preset=\u00a0\u00bbdefault\u00a0\u00bb header_level=\u00a0\u00bbh2&Prime; header_text_color=\u00a0\u00bb#000000&Prime; body_font_size=\u00a0\u00bb19px\u00a0\u00bb background_color=\u00a0\u00bbRGBA(255,255,255,0)\u00a0\u00bb background_enable_color=\u00a0\u00bbon\u00a0\u00bb background_enable_image=\u00a0\u00bboff\u00a0\u00bb max_width_last_edited=\u00a0\u00bboff|phone\u00a0\u00bb hover_enabled=\u00a0\u00bb0&Prime; global_colors_info=\u00a0\u00bb{}\u00a0\u00bb header_text_color__hover_enabled=\u00a0\u00bbon|desktop\u00a0\u00bb header_text_color__hover=\u00a0\u00bb#000000&Prime; sticky_transition=\u00a0\u00bbon\u00a0\u00bb sticky_enabled=\u00a0\u00bb0&Prime;]<\/p>\n<p>Conna\u00eetre le fonctionnement de la technologie et des processus g\u00e9omatiques<\/p>\n<p>[\/et_pb_slide][et_pb_slide heading=\u00a0\u00bbConseil en architecture, bois et construction\u00a0\u00bb button_text=\u00a0\u00bbEn savoir plus\u00a0\u00bb button_link=\u00a0\u00bb@ET-DC@eyJkeW5hbWljIjp0cnVlLCJjb250ZW50IjoicG9zdF9saW5rX3VybF9wYWdlIiwic2V0dGluZ3MiOnsicG9zdF9pZCI6IjMzMCIsImVuYWJsZV9odG1sIjoib2ZmIn19@\u00a0\u00bb image=\u00a0\u00bbhttps:\/\/arpentix.ch\/wp-content\/uploads\/2024\/01\/Beratung_OB_Stoeckli_Modell_Dachstock.jpg\u00a0\u00bb admin_title=\u00a0\u00bbBeratung\u00a0\u00bb _builder_version=\u00a0\u00bb4.23.1&Prime; _dynamic_attributes=\u00a0\u00bbbutton_link\u00a0\u00bb _module_preset=\u00a0\u00bbdefault\u00a0\u00bb body_font_size=\u00a0\u00bb19px\u00a0\u00bb background_color=\u00a0\u00bbRGBA(255,255,255,0)\u00a0\u00bb background_enable_color=\u00a0\u00bbon\u00a0\u00bb background_enable_image=\u00a0\u00bboff\u00a0\u00bb hover_enabled=\u00a0\u00bb0&Prime; global_colors_info=\u00a0\u00bb{%22gcid-f706c370-fc7f-4fff-b695-08801772f6a8%22:%91%22background_color%22%93}\u00a0\u00bb sticky_transition=\u00a0\u00bbon\u00a0\u00bb title_text=\u00a0\u00bbBeratung_OB_Stoeckli_Modell_Dachstock\u00a0\u00bb sticky_enabled=\u00a0\u00bb0&Prime;]<\/p>\n<p>Utiliser la g\u00e9omatique de mani\u00e8re profitable &#8211; mais comment ?<\/p>\n<p>[\/et_pb_slide][et_pb_slide heading=\u00a0\u00bbMensuration 3D\u00a0\u00bb button_text=\u00a0\u00bbEn savoir plus\u00a0\u00bb button_link=\u00a0\u00bb@ET-DC@eyJkeW5hbWljIjp0cnVlLCJjb250ZW50IjoicG9zdF9saW5rX3VybF9wYWdlIiwic2V0dGluZ3MiOnsicG9zdF9pZCI6IjMyOCIsImVuYWJsZV9odG1sIjoib2ZmIn19@\u00a0\u00bb image=\u00a0\u00bbhttps:\/\/arpentix.ch\/wp-content\/uploads\/2024\/01\/3d_vermessung_photogrammetrie-1500.jpg\u00a0\u00bb admin_title=\u00a0\u00bb3D-Vermessung\u00a0\u00bb _builder_version=\u00a0\u00bb4.23.1&Prime; _dynamic_attributes=\u00a0\u00bbbutton_link\u00a0\u00bb _module_preset=\u00a0\u00bbdefault\u00a0\u00bb body_font_size=\u00a0\u00bb19px\u00a0\u00bb background_color=\u00a0\u00bbRGBA(255,255,255,0)\u00a0\u00bb background_enable_color=\u00a0\u00bbon\u00a0\u00bb background_enable_image=\u00a0\u00bboff\u00a0\u00bb global_colors_info=\u00a0\u00bb{%22gcid-f706c370-fc7f-4fff-b695-08801772f6a8%22:%91%22background_color%22%93}\u00a0\u00bb sticky_transition=\u00a0\u00bbon\u00a0\u00bb]<\/p>\n<p>Relev\u00e9 de l&rsquo;existant par balayage laser &#8211; photogramm\u00e9trie &#8211; tachym\u00e9trie<\/p>\n<p>[\/et_pb_slide][et_pb_slide heading=\u00a0\u00bbReconstruction num\u00e9rique d&apos;objets\u00a0\u00bb button_text=\u00a0\u00bbEn savoir plus\u00a0\u00bb button_link=\u00a0\u00bb@ET-DC@eyJkeW5hbWljIjp0cnVlLCJjb250ZW50IjoicG9zdF9saW5rX3VybF9wYWdlIiwic2V0dGluZ3MiOnsicG9zdF9pZCI6IjYyIiwiZW5hYmxlX2h0bWwiOiJvZmYifX0=@\u00a0\u00bb image=\u00a0\u00bbhttps:\/\/arpentix.ch\/wp-content\/uploads\/2024\/01\/objekt_rekonstruktion_hb_wangen_aa_teil-1500.jpg\u00a0\u00bb admin_title=\u00a0\u00bbRekonstruktion\u00a0\u00bb _builder_version=\u00a0\u00bb4.23.1&Prime; _dynamic_attributes=\u00a0\u00bbbutton_link\u00a0\u00bb _module_preset=\u00a0\u00bbdefault\u00a0\u00bb body_font_size=\u00a0\u00bb19px\u00a0\u00bb background_color=\u00a0\u00bbRGBA(255,255,255,0)\u00a0\u00bb background_enable_color=\u00a0\u00bbon\u00a0\u00bb background_enable_image=\u00a0\u00bboff\u00a0\u00bb global_colors_info=\u00a0\u00bb{%22gcid-f706c370-fc7f-4fff-b695-08801772f6a8%22:%91%22background_color%22%93}\u00a0\u00bb sticky_transition=\u00a0\u00bbon\u00a0\u00bb]<\/p>\n<p>Reconstruire num\u00e9riquement le monde r\u00e9el avec la g\u00e9omatique<\/p>\n<p>[\/et_pb_slide][\/et_pb_fullwidth_slider][\/et_pb_section]<\/p>\n","protected":false},"excerpt":{"rendered":"<p>Conna\u00eetre le fonctionnement de la technologie et des processus g\u00e9omatiquesUtiliser la g\u00e9omatique de mani\u00e8re profitable &#8211; mais comment ?Relev\u00e9 de l&rsquo;existant par balayage laser &#8211; photogramm\u00e9trie &#8211; tachym\u00e9trieReconstruire num\u00e9riquement le monde r\u00e9el avec la g\u00e9omatique<\/p>\n","protected":false},"author":1,"featured_media":0,"parent":0,"menu_order":0,"comment_status":"closed","ping_status":"closed","template":"","meta":{"_acf_changed":false,"_et_pb_use_builder":"on","_et_pb_old_content":"","_et_gb_content_width":"","inline_featured_image":false,"footnotes":""},"class_list":["post-791","page","type-page","status-publish","hentry"],"acf":[],"_links":{"self":[{"href":"https:\/\/arpentix.ch\/fr\/wp-json\/wp\/v2\/pages\/791","targetHints":{"allow":["GET"]}}],"collection":[{"href":"https:\/\/arpentix.ch\/fr\/wp-json\/wp\/v2\/pages"}],"about":[{"href":"https:\/\/arpentix.ch\/fr\/wp-json\/wp\/v2\/types\/page"}],"author":[{"embeddable":true,"href":"https:\/\/arpentix.ch\/fr\/wp-json\/wp\/v2\/users\/1"}],"replies":[{"embeddable":true,"href":"https:\/\/arpentix.ch\/fr\/wp-json\/wp\/v2\/comments?post=791"}],"version-history":[{"count":4,"href":"https:\/\/arpentix.ch\/fr\/wp-json\/wp\/v2\/pages\/791\/revisions"}],"predecessor-version":[{"id":1038,"href":"https:\/\/arpentix.ch\/fr\/wp-json\/wp\/v2\/pages\/791\/revisions\/1038"}],"wp:attachment":[{"href":"https:\/\/arpentix.ch\/fr\/wp-json\/wp\/v2\/media?parent=791"}],"curies":[{"name":"wp","href":"https:\/\/api.w.org\/{rel}","templated":true}]}}