{"id":799,"date":"2023-12-21T14:51:11","date_gmt":"2023-12-21T14:51:11","guid":{"rendered":"https:\/\/arpentix.ch\/mentions-legales\/"},"modified":"2023-12-21T14:51:11","modified_gmt":"2023-12-21T14:51:11","slug":"mentions-legales","status":"publish","type":"page","link":"https:\/\/arpentix.ch\/fr\/mentions-legales\/","title":{"rendered":"Mentions l\u00e9gales"},"content":{"rendered":"<p><b>ARPENTIX G\u00e9omatique Bruderer<\/b><br \/>18, chemin d&rsquo;Egg<br \/>3065 Bolligen<br \/>Suisse<\/p>\n<p><b>Courrier \u00e9lectronique :<\/b> urs.bruderer@arpentix.ch<br \/><b>T\u00e9l\u00e9phone :<\/b> +41774020910<br \/><b>Internet :<\/b> www.arpentix.ch<\/p>\n<p><b>Personnes habilit\u00e9es \u00e0 repr\u00e9senter l&rsquo;association :<\/b><br \/>Urs Bruderer<\/p>\n<p>UID <b>:<\/b> CHE-478.986.732<\/p>\n","protected":false},"excerpt":{"rendered":"<p>ARPENTIX G\u00e9omatique Bruderer18, chemin d&rsquo;Egg3065 BolligenSuisse Courrier \u00e9lectronique : urs.bruderer@arpentix.chT\u00e9l\u00e9phone : +41774020910Internet : www.arpentix.ch Personnes habilit\u00e9es \u00e0 repr\u00e9senter l&rsquo;association :Urs Bruderer UID : CHE-478.986.732<\/p>\n","protected":false},"author":1,"featured_media":0,"parent":0,"menu_order":0,"comment_status":"closed","ping_status":"closed","template":"","meta":{"_acf_changed":false,"_et_pb_use_builder":"","_et_pb_old_content":"","_et_gb_content_width":"","inline_featured_image":false,"footnotes":""},"class_list":["post-799","page","type-page","status-publish","hentry"],"acf":[],"_links":{"self":[{"href":"https:\/\/arpentix.ch\/fr\/wp-json\/wp\/v2\/pages\/799","targetHints":{"allow":["GET"]}}],"collection":[{"href":"https:\/\/arpentix.ch\/fr\/wp-json\/wp\/v2\/pages"}],"about":[{"href":"https:\/\/arpentix.ch\/fr\/wp-json\/wp\/v2\/types\/page"}],"author":[{"embeddable":true,"href":"https:\/\/arpentix.ch\/fr\/wp-json\/wp\/v2\/users\/1"}],"replies":[{"embeddable":true,"href":"https:\/\/arpentix.ch\/fr\/wp-json\/wp\/v2\/comments?post=799"}],"version-history":[{"count":0,"href":"https:\/\/arpentix.ch\/fr\/wp-json\/wp\/v2\/pages\/799\/revisions"}],"wp:attachment":[{"href":"https:\/\/arpentix.ch\/fr\/wp-json\/wp\/v2\/media?parent=799"}],"curies":[{"name":"wp","href":"https:\/\/api.w.org\/{rel}","templated":true}]}}