{"id":807,"date":"2023-12-21T14:51:22","date_gmt":"2023-12-21T14:51:22","guid":{"rendered":"https:\/\/arpentix.ch\/protection-des-donnees\/"},"modified":"2024-02-12T13:57:22","modified_gmt":"2024-02-12T13:57:22","slug":"protection-des-donnees","status":"publish","type":"page","link":"https:\/\/arpentix.ch\/fr\/protection-des-donnees\/","title":{"rendered":"Protection des donn\u00e9es"},"content":{"rendered":"<p><strong>1. d\u00e9claration de confidentialit\u00e9<\/strong><\/p>\n<div class=\"et_pb_module et_pb_post_content et_pb_post_content_0_tb_body\">\n<p>La pr\u00e9sente d\u00e9claration de protection des donn\u00e9es vous informe sur la nature, l&rsquo;\u00e9tendue et la finalit\u00e9 de la collecte et de l&rsquo;utilisation des donn\u00e9es personnelles sur notre site Internet https:\/\/arpentix.ch (ci-apr\u00e8s d\u00e9nomm\u00e9 \u00ab\u00a0site Internet\u00a0\u00bb) par Urs Bruderer (ci-apr\u00e8s d\u00e9nomm\u00e9 \u00ab\u00a0nous\u00a0\u00bb ou \u00ab\u00a0notre\u00a0\u00bb) et vous renseigne sur les droits dont vous disposez. Ces droits sont r\u00e9gis par les lois applicables en mati\u00e8re de protection des donn\u00e9es.<\/p>\n<p><strong>2. responsable du traitement des donn\u00e9es<\/strong><\/p>\n<p>Le responsable du traitement des donn\u00e9es sur ce site web et l&rsquo;interlocuteur pour les questions de protection des donn\u00e9es est :<\/p>\n<p>ARPENTIX G\u00e9omatique Bruderer<\/p>\n<p>18, chemin d&rsquo;Egg<br \/>3065 Bolligen<br \/>Suisse<\/p>\n<p>Courrier \u00e9lectronique : <a href=\"mailto:urs.bruderer@arpentix.ch\">urs.bruderer@arpentix.ch<\/a><br \/>T\u00e9l\u00e9phone : <a href=\"tel:+41774020910\">+41774020910<\/a><\/p>\n<p><strong>3. collecte de donn\u00e9es sur ce site web<\/strong><\/p>\n<p><strong>3.1 Fichiers journaux<\/strong><\/p>\n<p>Notre site web est h\u00e9berg\u00e9 par attrACTIV Solutions AG.<\/p>\n<p>Afin d&rsquo;optimiser et de maintenir notre site web, nous enregistrons les erreurs techniques qui peuvent survenir lors de la consultation de notre site web. En outre, lors de l&rsquo;utilisation de ce site web, des informations sont automatiquement collect\u00e9es et transmises par le navigateur de votre terminal \u00e0 notre fournisseur d&rsquo;h\u00e9bergement. Il s&rsquo;agit de<\/p>\n<ul>\n<li>adresse IP et syst\u00e8me d&rsquo;exploitation de votre terminal,<\/li>\n<li>type de navigateur, version, langue<\/li>\n<li>Date et heure de la demande du serveur,<\/li>\n<li>fichier appel\u00e9,<\/li>\n<li>le site web \u00e0 partir duquel l&rsquo;acc\u00e8s a eu lieu (Referrer URL),<\/li>\n<li>le code d&rsquo;\u00e9tat (par ex. 404) et<\/li>\n<li>le protocole de transmission utilis\u00e9 (par exemple HTTP\/2).<\/li>\n<\/ul>\n<p>Ces donn\u00e9es sont collect\u00e9es et stock\u00e9es par notre fournisseur d&rsquo;h\u00e9bergement afin d&rsquo;optimiser les processus et les proc\u00e9dures, notamment en ce qui concerne l&rsquo;utilisation de notre site web et la s\u00e9curit\u00e9 et la stabilit\u00e9 du syst\u00e8me informatique.<\/p>\n<p>Vous trouverez de plus amples informations dans la d\u00e9claration de protection des donn\u00e9es de attrACTIV Solutions AG sur <a href=\"https:\/\/attractiv.ch\/datenschutz\/\">https:\/\/attractiv.ch\/datenschutz\/.<\/a><\/p>\n<p>Dans la mesure o\u00f9 le RGPD est applicable, ce traitement de donn\u00e9es se fonde sur l&rsquo;art. 6 al. 1 lit. f du RGPD.<\/p>\n<p><strong>3.2 Cookies<\/strong><\/p>\n<p>Nous utilisons des cookies sur notre site web. Les cookies sont de petits fichiers qui sont d\u00e9pos\u00e9s sur votre terminal et que votre navigateur enregistre. Certains des cookies que nous utilisons sont automatiquement supprim\u00e9s lorsque vous quittez notre site. D&rsquo;autres cookies restent enregistr\u00e9s sur votre terminal jusqu&rsquo;\u00e0 ce que vous les supprimiez ou qu&rsquo;ils expirent. Ces cookies permettent de reconna\u00eetre votre navigateur lors de votre prochaine visite sur notre site.<\/p>\n<p>Dans votre navigateur, vous pouvez configurer votre ordinateur de mani\u00e8re \u00e0 \u00eatre inform\u00e9 au pr\u00e9alable de l&rsquo;installation de cookies et \u00e0 pouvoir d\u00e9cider au cas par cas d&rsquo;exclure l&rsquo;acceptation de cookies dans certains cas ou de mani\u00e8re g\u00e9n\u00e9rale, ou encore d&#8217;emp\u00eacher compl\u00e8tement les cookies. Cela peut limiter la fonctionnalit\u00e9 du site.<\/p>\n<p>Les cookies n\u00e9cessaires au processus de communication \u00e9lectronique ou aux fonctions que vous avez demand\u00e9es ou qui optimisent votre exp\u00e9rience d&rsquo;utilisateur sont &#8211; dans la mesure o\u00f9 le RGPD est applicable &#8211; enregistr\u00e9s sur la base de l&rsquo;article 6, paragraphe 1, du RGPD. 1 lit. f du RGPD.<\/p>\n<p><strong>3.3 Analytique de la newsletter<\/strong><\/p>\n<p>Nous utilisons un service d&rsquo;analyse pour mesurer la port\u00e9e de notre newsletter. On mesure le nombre de fois o\u00f9 la newsletter est ouverte et quels liens le destinataire suit.<\/p>\n<p>Dans la mesure o\u00f9 le RGPD est applicable, le traitement des donn\u00e9es se fonde sur l&rsquo;art. 6 al. 1 lit. f du RGPD.<\/p>\n<p><strong>4. \u00e0 gauche<\/strong><\/p>\n<p>Sur notre site web, vous trouverez des liens vers des pages de tiers. Nous ne sommes pas responsables du contenu et des mesures de protection des donn\u00e9es des sites web externes auxquels vous pouvez acc\u00e9der via les liens. Veuillez vous informer sur la protection des donn\u00e9es directement sur les sites web correspondants.<\/p>\n<p><strong>5. transmission de donn\u00e9es \u00e0 des tiers<\/strong><\/p>\n<p>Afin de pouvoir vous offrir les informations contenues sur notre site web, nous collaborons avec diff\u00e9rents prestataires de services, notamment avec des prestataires de services informatiques, afin de pouvoir vous offrir un site web moderne. Ceux-ci n&rsquo;utilisent vos donn\u00e9es que dans le cadre du traitement des commandes pour nous.<\/p>\n<p><strong>6) Actualit\u00e9 et modification de la pr\u00e9sente d\u00e9claration de confidentialit\u00e9<\/strong><\/p>\n<p>Nous pouvons \u00e0 tout moment modifier ou adapter la pr\u00e9sente d\u00e9claration de confidentialit\u00e9. La d\u00e9claration actuelle de protection des donn\u00e9es peut \u00eatre consult\u00e9e sur <a href=\"http:\/\/arpentix.ch\/datenschutz\">arpentix.ch\/protectiondesdonn\u00e9es<\/a>.<\/p>\n<\/div>\n","protected":false},"excerpt":{"rendered":"<p>1. d\u00e9claration de confidentialit\u00e9 La pr\u00e9sente d\u00e9claration de protection des donn\u00e9es vous informe sur la nature, l&rsquo;\u00e9tendue et la finalit\u00e9 de la collecte et de l&rsquo;utilisation des donn\u00e9es personnelles sur notre site Internet https:\/\/arpentix.ch (ci-apr\u00e8s d\u00e9nomm\u00e9 \u00ab\u00a0site Internet\u00a0\u00bb) par Urs Bruderer (ci-apr\u00e8s d\u00e9nomm\u00e9 \u00ab\u00a0nous\u00a0\u00bb ou \u00ab\u00a0notre\u00a0\u00bb) et vous renseigne sur les droits dont vous disposez. [&hellip;]<\/p>\n","protected":false},"author":1,"featured_media":0,"parent":0,"menu_order":0,"comment_status":"closed","ping_status":"closed","template":"","meta":{"_acf_changed":false,"_et_pb_use_builder":"","_et_pb_old_content":"","_et_gb_content_width":"","inline_featured_image":false,"footnotes":""},"class_list":["post-807","page","type-page","status-publish","hentry"],"acf":[],"_links":{"self":[{"href":"https:\/\/arpentix.ch\/fr\/wp-json\/wp\/v2\/pages\/807","targetHints":{"allow":["GET"]}}],"collection":[{"href":"https:\/\/arpentix.ch\/fr\/wp-json\/wp\/v2\/pages"}],"about":[{"href":"https:\/\/arpentix.ch\/fr\/wp-json\/wp\/v2\/types\/page"}],"author":[{"embeddable":true,"href":"https:\/\/arpentix.ch\/fr\/wp-json\/wp\/v2\/users\/1"}],"replies":[{"embeddable":true,"href":"https:\/\/arpentix.ch\/fr\/wp-json\/wp\/v2\/comments?post=807"}],"version-history":[{"count":1,"href":"https:\/\/arpentix.ch\/fr\/wp-json\/wp\/v2\/pages\/807\/revisions"}],"predecessor-version":[{"id":871,"href":"https:\/\/arpentix.ch\/fr\/wp-json\/wp\/v2\/pages\/807\/revisions\/871"}],"wp:attachment":[{"href":"https:\/\/arpentix.ch\/fr\/wp-json\/wp\/v2\/media?parent=807"}],"curies":[{"name":"wp","href":"https:\/\/api.w.org\/{rel}","templated":true}]}}